{"id":4498,"date":"2026-03-06T16:36:12","date_gmt":"2026-03-06T16:36:12","guid":{"rendered":"https:\/\/parcsafari.com\/five-continents-animal-farm\/"},"modified":"2026-03-06T19:19:33","modified_gmt":"2026-03-06T19:19:33","slug":"five-continents-animal-farm","status":"publish","type":"page","link":"https:\/\/parcsafari.com\/en\/five-continents-animal-farm\/","title":{"rendered":"Five continents animal farm"},"content":{"rendered":"\t\t<div data-elementor-type=\"wp-page\" data-elementor-id=\"4498\" class=\"elementor elementor-4498 elementor-4467\" data-elementor-post-type=\"page\">\n\t\t\t\t<div class=\"elementor-element elementor-element-72c0d845 e-flex e-con-boxed e-con e-parent\" data-id=\"72c0d845\" data-element_type=\"container\" data-e-type=\"container\" data-settings=\"{&quot;background_background&quot;:&quot;classic&quot;}\">\n\t\t\t\t\t<div class=\"e-con-inner\">\n\t\t<div class=\"elementor-element elementor-element-23c9d31e e-con-full e-flex e-con e-child\" data-id=\"23c9d31e\" data-element_type=\"container\" data-e-type=\"container\">\n\t\t\t\t<div class=\"elementor-element elementor-element-625b9744 elementor-invisible elementor-widget elementor-widget-heading\" data-id=\"625b9744\" data-element_type=\"widget\" data-e-type=\"widget\" data-settings=\"{&quot;_animation&quot;:&quot;fadeInUp&quot;}\" data-widget_type=\"heading.default\">\n\t\t\t\t\t<h1 class=\"elementor-heading-title elementor-size-default\">Five continents animal farm<\/h1>\t\t\t\t<\/div>\n\t\t\t\t<div class=\"elementor-element elementor-element-23801872 animated-slow elementor-widget__width-initial elementor-invisible elementor-widget elementor-widget-heading\" data-id=\"23801872\" data-element_type=\"widget\" data-e-type=\"widget\" data-settings=\"{&quot;_animation&quot;:&quot;fadeInUp&quot;,&quot;_animation_delay&quot;:200}\" data-widget_type=\"heading.default\">\n\t\t\t\t\t<h4 class=\"elementor-heading-title elementor-size-default\">La Ferme des cinq continents is currently closed for the winter season. We look forward to welcoming you back in the summer of 2026. <\/h4>\t\t\t\t<\/div>\n\t\t\t\t<\/div>\n\t\t\t\t\t<\/div>\n\t\t\t\t<\/div>\n\t\t\t\t<\/div>\n\t\t\n    <div class=\"xs_social_share_widget xs_share_url after_content \t\tmain_content  wslu-style-1 wslu-share-box-shaped wslu-fill-colored wslu-none wslu-share-horizontal wslu-theme-font-no wslu-main_content\">\n\n\t\t\n        <ul>\n\t\t\t        <\/ul>\n    <\/div> \n","protected":false},"excerpt":{"rendered":"<p>Five continents animal farm La Ferme des cinq continents is currently closed for the winter season. We look forward to welcoming you back in the summer of 2026.<\/p>\n","protected":false},"author":4,"featured_media":0,"parent":0,"menu_order":0,"comment_status":"closed","ping_status":"closed","template":"","meta":{"_angie_page":false,"postBodyCss":"","postBodyMargin":[],"postBodyPadding":[],"postBodyBackground":{"backgroundType":"classic","gradient":""},"footnotes":""},"class_list":["post-4498","page","type-page","status-publish","hentry"],"yoast_head":"<!-- This site is optimized with the Yoast SEO plugin v27.3 - https:\/\/yoast.com\/product\/yoast-seo-wordpress\/ -->\n<title>Five continents animal farm - Parc Safari Parc Safari \u2013 Sauvage \u00e0 l\u2019ann\u00e9e | Mont\u00e9r\u00e9gie<\/title>\n<meta name=\"description\" content=\"Parc Safari propose une exp\u00e9rience familiale unique avec safari en voiture et animaux sauvages d\u2019Am\u00e9rique du Nord \u00e0 observer de pr\u00e8s. Ouvert toute l\u2019ann\u00e9e \u00e0 Hemmingford, \u00e0 30 minutes de Montr\u00e9al.\" \/>\n<meta name=\"robots\" content=\"index, follow, max-snippet:-1, max-image-preview:large, max-video-preview:-1\" \/>\n<link rel=\"canonical\" href=\"https:\/\/parcsafari.com\/en\/five-continents-animal-farm\/\" \/>\n<meta property=\"og:locale\" content=\"en_US\" \/>\n<meta property=\"og:type\" content=\"article\" \/>\n<meta property=\"og:title\" content=\"Five continents animal farm - Parc Safari Parc Safari \u2013 Sauvage \u00e0 l\u2019ann\u00e9e | Mont\u00e9r\u00e9gie\" \/>\n<meta property=\"og:description\" content=\"Parc Safari propose une exp\u00e9rience familiale unique avec safari en voiture et animaux sauvages d\u2019Am\u00e9rique du Nord \u00e0 observer de pr\u00e8s. Ouvert toute l\u2019ann\u00e9e \u00e0 Hemmingford, \u00e0 30 minutes de Montr\u00e9al.\" \/>\n<meta property=\"og:url\" content=\"https:\/\/parcsafari.com\/en\/five-continents-animal-farm\/\" \/>\n<meta property=\"og:site_name\" content=\"Parc Safari\" \/>\n<meta property=\"article:publisher\" content=\"https:\/\/www.facebook.com\/ParcSafariHemmingford\/\" \/>\n<meta property=\"article:modified_time\" content=\"2026-03-06T19:19:33+00:00\" \/>\n<meta property=\"og:image\" content=\"https:\/\/parcsafari.com\/wp-content\/uploads\/2026\/01\/Le-tunnel-des-felinscougar-tunnel-des-felins.webp\" \/>\n\t<meta property=\"og:image:width\" content=\"1920\" \/>\n\t<meta property=\"og:image:height\" content=\"1288\" \/>\n\t<meta property=\"og:image:type\" content=\"image\/webp\" \/>\n<meta name=\"twitter:card\" content=\"summary_large_image\" \/>\n<script type=\"application\/ld+json\" class=\"yoast-schema-graph\">{\"@context\":\"https:\\\/\\\/schema.org\",\"@graph\":[{\"@type\":\"WebPage\",\"@id\":\"https:\\\/\\\/parcsafari.com\\\/en\\\/five-continents-animal-farm\\\/\",\"url\":\"https:\\\/\\\/parcsafari.com\\\/en\\\/five-continents-animal-farm\\\/\",\"name\":\"Five continents animal farm - Parc Safari Parc Safari \u2013 Sauvage \u00e0 l\u2019ann\u00e9e | Mont\u00e9r\u00e9gie\",\"isPartOf\":{\"@id\":\"https:\\\/\\\/parcsafari.com\\\/en\\\/#website\"},\"datePublished\":\"2026-03-06T16:36:12+00:00\",\"dateModified\":\"2026-03-06T19:19:33+00:00\",\"description\":\"Parc Safari propose une exp\u00e9rience familiale unique avec safari en voiture et animaux sauvages d\u2019Am\u00e9rique du Nord \u00e0 observer de pr\u00e8s. Ouvert toute l\u2019ann\u00e9e \u00e0 Hemmingford, \u00e0 30 minutes de Montr\u00e9al.\",\"breadcrumb\":{\"@id\":\"https:\\\/\\\/parcsafari.com\\\/en\\\/five-continents-animal-farm\\\/#breadcrumb\"},\"inLanguage\":\"en-US\",\"potentialAction\":[{\"@type\":\"ReadAction\",\"target\":[\"https:\\\/\\\/parcsafari.com\\\/en\\\/five-continents-animal-farm\\\/\"]}]},{\"@type\":\"BreadcrumbList\",\"@id\":\"https:\\\/\\\/parcsafari.com\\\/en\\\/five-continents-animal-farm\\\/#breadcrumb\",\"itemListElement\":[{\"@type\":\"ListItem\",\"position\":1,\"name\":\"Home\",\"item\":\"https:\\\/\\\/parcsafari.com\\\/en\\\/home\\\/\"},{\"@type\":\"ListItem\",\"position\":2,\"name\":\"Five continents animal farm\"}]},{\"@type\":\"WebSite\",\"@id\":\"https:\\\/\\\/parcsafari.com\\\/en\\\/#website\",\"url\":\"https:\\\/\\\/parcsafari.com\\\/en\\\/\",\"name\":\"Parc Safari\",\"description\":\"Parc Safari \u2013 Sauvage \u00e0 l\u2019ann\u00e9e | Mont\u00e9r\u00e9gie\",\"publisher\":{\"@id\":\"https:\\\/\\\/parcsafari.com\\\/en\\\/#organization\"},\"potentialAction\":[{\"@type\":\"SearchAction\",\"target\":{\"@type\":\"EntryPoint\",\"urlTemplate\":\"https:\\\/\\\/parcsafari.com\\\/en\\\/?s={search_term_string}\"},\"query-input\":{\"@type\":\"PropertyValueSpecification\",\"valueRequired\":true,\"valueName\":\"search_term_string\"}}],\"inLanguage\":\"en-US\"},{\"@type\":\"Organization\",\"@id\":\"https:\\\/\\\/parcsafari.com\\\/en\\\/#organization\",\"name\":\"Parc Safari\",\"url\":\"https:\\\/\\\/parcsafari.com\\\/en\\\/\",\"logo\":{\"@type\":\"ImageObject\",\"inLanguage\":\"en-US\",\"@id\":\"https:\\\/\\\/parcsafari.com\\\/en\\\/#\\\/schema\\\/logo\\\/image\\\/\",\"url\":\"https:\\\/\\\/parcsafari.com\\\/wp-content\\\/uploads\\\/2026\\\/01\\\/Parc-Safari-logo_beige-scaled.webp\",\"contentUrl\":\"https:\\\/\\\/parcsafari.com\\\/wp-content\\\/uploads\\\/2026\\\/01\\\/Parc-Safari-logo_beige-scaled.webp\",\"width\":1920,\"height\":1190,\"caption\":\"Parc Safari\"},\"image\":{\"@id\":\"https:\\\/\\\/parcsafari.com\\\/en\\\/#\\\/schema\\\/logo\\\/image\\\/\"},\"sameAs\":[\"https:\\\/\\\/www.facebook.com\\\/ParcSafariHemmingford\\\/\",\"https:\\\/\\\/www.instagram.com\\\/ParcSafari\",\"https:\\\/\\\/www.tiktok.com\\\/ParcSafari\"]}]}<\/script>\n<!-- \/ Yoast SEO plugin. -->","yoast_head_json":{"title":"Five continents animal farm - Parc Safari Parc Safari \u2013 Sauvage \u00e0 l\u2019ann\u00e9e | Mont\u00e9r\u00e9gie","description":"Parc Safari propose une exp\u00e9rience familiale unique avec safari en voiture et animaux sauvages d\u2019Am\u00e9rique du Nord \u00e0 observer de pr\u00e8s. Ouvert toute l\u2019ann\u00e9e \u00e0 Hemmingford, \u00e0 30 minutes de Montr\u00e9al.","robots":{"index":"index","follow":"follow","max-snippet":"max-snippet:-1","max-image-preview":"max-image-preview:large","max-video-preview":"max-video-preview:-1"},"canonical":"https:\/\/parcsafari.com\/en\/five-continents-animal-farm\/","og_locale":"en_US","og_type":"article","og_title":"Five continents animal farm - Parc Safari Parc Safari \u2013 Sauvage \u00e0 l\u2019ann\u00e9e | Mont\u00e9r\u00e9gie","og_description":"Parc Safari propose une exp\u00e9rience familiale unique avec safari en voiture et animaux sauvages d\u2019Am\u00e9rique du Nord \u00e0 observer de pr\u00e8s. Ouvert toute l\u2019ann\u00e9e \u00e0 Hemmingford, \u00e0 30 minutes de Montr\u00e9al.","og_url":"https:\/\/parcsafari.com\/en\/five-continents-animal-farm\/","og_site_name":"Parc Safari","article_publisher":"https:\/\/www.facebook.com\/ParcSafariHemmingford\/","article_modified_time":"2026-03-06T19:19:33+00:00","og_image":[{"width":1920,"height":1288,"url":"https:\/\/parcsafari.com\/wp-content\/uploads\/2026\/01\/Le-tunnel-des-felinscougar-tunnel-des-felins.webp","type":"image\/webp"}],"twitter_card":"summary_large_image","schema":{"@context":"https:\/\/schema.org","@graph":[{"@type":"WebPage","@id":"https:\/\/parcsafari.com\/en\/five-continents-animal-farm\/","url":"https:\/\/parcsafari.com\/en\/five-continents-animal-farm\/","name":"Five continents animal farm - Parc Safari Parc Safari \u2013 Sauvage \u00e0 l\u2019ann\u00e9e | Mont\u00e9r\u00e9gie","isPartOf":{"@id":"https:\/\/parcsafari.com\/en\/#website"},"datePublished":"2026-03-06T16:36:12+00:00","dateModified":"2026-03-06T19:19:33+00:00","description":"Parc Safari propose une exp\u00e9rience familiale unique avec safari en voiture et animaux sauvages d\u2019Am\u00e9rique du Nord \u00e0 observer de pr\u00e8s. Ouvert toute l\u2019ann\u00e9e \u00e0 Hemmingford, \u00e0 30 minutes de Montr\u00e9al.","breadcrumb":{"@id":"https:\/\/parcsafari.com\/en\/five-continents-animal-farm\/#breadcrumb"},"inLanguage":"en-US","potentialAction":[{"@type":"ReadAction","target":["https:\/\/parcsafari.com\/en\/five-continents-animal-farm\/"]}]},{"@type":"BreadcrumbList","@id":"https:\/\/parcsafari.com\/en\/five-continents-animal-farm\/#breadcrumb","itemListElement":[{"@type":"ListItem","position":1,"name":"Home","item":"https:\/\/parcsafari.com\/en\/home\/"},{"@type":"ListItem","position":2,"name":"Five continents animal farm"}]},{"@type":"WebSite","@id":"https:\/\/parcsafari.com\/en\/#website","url":"https:\/\/parcsafari.com\/en\/","name":"Parc Safari","description":"Parc Safari \u2013 Sauvage \u00e0 l\u2019ann\u00e9e | Mont\u00e9r\u00e9gie","publisher":{"@id":"https:\/\/parcsafari.com\/en\/#organization"},"potentialAction":[{"@type":"SearchAction","target":{"@type":"EntryPoint","urlTemplate":"https:\/\/parcsafari.com\/en\/?s={search_term_string}"},"query-input":{"@type":"PropertyValueSpecification","valueRequired":true,"valueName":"search_term_string"}}],"inLanguage":"en-US"},{"@type":"Organization","@id":"https:\/\/parcsafari.com\/en\/#organization","name":"Parc Safari","url":"https:\/\/parcsafari.com\/en\/","logo":{"@type":"ImageObject","inLanguage":"en-US","@id":"https:\/\/parcsafari.com\/en\/#\/schema\/logo\/image\/","url":"https:\/\/parcsafari.com\/wp-content\/uploads\/2026\/01\/Parc-Safari-logo_beige-scaled.webp","contentUrl":"https:\/\/parcsafari.com\/wp-content\/uploads\/2026\/01\/Parc-Safari-logo_beige-scaled.webp","width":1920,"height":1190,"caption":"Parc Safari"},"image":{"@id":"https:\/\/parcsafari.com\/en\/#\/schema\/logo\/image\/"},"sameAs":["https:\/\/www.facebook.com\/ParcSafariHemmingford\/","https:\/\/www.instagram.com\/ParcSafari","https:\/\/www.tiktok.com\/ParcSafari"]}]}},"_links":{"self":[{"href":"https:\/\/parcsafari.com\/en\/wp-json\/wp\/v2\/pages\/4498","targetHints":{"allow":["GET"]}}],"collection":[{"href":"https:\/\/parcsafari.com\/en\/wp-json\/wp\/v2\/pages"}],"about":[{"href":"https:\/\/parcsafari.com\/en\/wp-json\/wp\/v2\/types\/page"}],"author":[{"embeddable":true,"href":"https:\/\/parcsafari.com\/en\/wp-json\/wp\/v2\/users\/4"}],"replies":[{"embeddable":true,"href":"https:\/\/parcsafari.com\/en\/wp-json\/wp\/v2\/comments?post=4498"}],"version-history":[{"count":1,"href":"https:\/\/parcsafari.com\/en\/wp-json\/wp\/v2\/pages\/4498\/revisions"}],"predecessor-version":[{"id":4500,"href":"https:\/\/parcsafari.com\/en\/wp-json\/wp\/v2\/pages\/4498\/revisions\/4500"}],"wp:attachment":[{"href":"https:\/\/parcsafari.com\/en\/wp-json\/wp\/v2\/media?parent=4498"}],"curies":[{"name":"wp","href":"https:\/\/api.w.org\/{rel}","templated":true}]}}