{"id":3766,"date":"2026-01-30T19:48:42","date_gmt":"2026-01-30T19:48:42","guid":{"rendered":"https:\/\/parcsafari.com\/v2\/blog\/"},"modified":"2026-02-11T15:08:38","modified_gmt":"2026-02-11T15:08:38","slug":"blog","status":"publish","type":"page","link":"https:\/\/parcsafari.com\/en\/blog\/","title":{"rendered":"Blog"},"content":{"rendered":"\t\t<div data-elementor-type=\"wp-page\" data-elementor-id=\"3766\" class=\"elementor elementor-3766 elementor-955\" data-elementor-post-type=\"page\">\n\t\t\t\t<div class=\"elementor-element elementor-element-10f2ea0c e-flex e-con-boxed e-con e-parent\" data-id=\"10f2ea0c\" data-element_type=\"container\" data-e-type=\"container\" data-settings=\"{&quot;background_background&quot;:&quot;classic&quot;}\">\n\t\t\t\t\t<div class=\"e-con-inner\">\n\t\t<div class=\"elementor-element elementor-element-57f2bd e-con-full e-flex e-con e-child\" data-id=\"57f2bd\" data-element_type=\"container\" data-e-type=\"container\">\n\t\t\t\t<div class=\"elementor-element elementor-element-da54c2c elementor-widget elementor-widget-heading\" data-id=\"da54c2c\" data-element_type=\"widget\" data-e-type=\"widget\" data-widget_type=\"heading.default\">\n\t\t\t\t\t<h1 class=\"elementor-heading-title elementor-size-default\">Blog<\/h1>\t\t\t\t<\/div>\n\t\t\t\t<\/div>\n\t\t\t\t\t<\/div>\n\t\t\t\t<\/div>\n\t\t<div class=\"elementor-element elementor-element-d6ce352 e-flex e-con-boxed e-con e-parent\" data-id=\"d6ce352\" data-element_type=\"container\" data-e-type=\"container\" data-settings=\"{&quot;background_background&quot;:&quot;classic&quot;}\">\n\t\t\t\t\t<div class=\"e-con-inner\">\n\t\t\t\t<div class=\"elementor-element elementor-element-e9062d3 elementor-widget elementor-widget-elementskit-category-list\" data-id=\"e9062d3\" data-element_type=\"widget\" data-e-type=\"widget\" data-widget_type=\"elementskit-category-list.default\">\n\t\t\t\t\t<div class=\"ekit-wid-con\" >\t\t<ul class=\"elementor-icon-list-items\">\n\t\t\t\t\t\t\t<li class=\"elementor-icon-list-item\">\n\t\t\t\t\t<a href=\"https:\/\/parcsafari.com\/category\/animaux\/\" >\n                                                    <span class=\"elementor-icon-list-icon\">\n\t\t\t\t\t\t\t\t<svg aria-hidden=\"true\" class=\"e-font-icon-svg e-far-circle\" viewBox=\"0 0 512 512\" xmlns=\"http:\/\/www.w3.org\/2000\/svg\"><path d=\"M256 8C119 8 8 119 8 256s111 248 248 248 248-111 248-248S393 8 256 8zm0 448c-110.5 0-200-89.5-200-200S145.5 56 256 56s200 89.5 200 200-89.5 200-200 200z\"><\/path><\/svg>                            <\/span>\n                                                <span class=\"elementor-icon-list-text\">Animaux<\/span>\n\t\t\t\t\t<\/a>\n\t\t\t\t<\/li>\n\t\t\t\t\t\t\t\t<li class=\"elementor-icon-list-item\">\n\t\t\t\t\t<a href=\"https:\/\/parcsafari.com\/category\/nouveautes\/\" >\n                                                    <span class=\"elementor-icon-list-icon\">\n\t\t\t\t\t\t\t\t<svg aria-hidden=\"true\" class=\"e-font-icon-svg e-far-circle\" viewBox=\"0 0 512 512\" xmlns=\"http:\/\/www.w3.org\/2000\/svg\"><path d=\"M256 8C119 8 8 119 8 256s111 248 248 248 248-111 248-248S393 8 256 8zm0 448c-110.5 0-200-89.5-200-200S145.5 56 256 56s200 89.5 200 200-89.5 200-200 200z\"><\/path><\/svg>                            <\/span>\n                                                <span class=\"elementor-icon-list-text\">Nouveaut\u00e9s<\/span>\n\t\t\t\t\t<\/a>\n\t\t\t\t<\/li>\n\t\t\t\t\t\t\t\t<li class=\"elementor-icon-list-item\">\n\t\t\t\t\t<a href=\"https:\/\/parcsafari.com\/category\/actualites\/\" >\n                                                    <span class=\"elementor-icon-list-icon\">\n\t\t\t\t\t\t\t\t<svg aria-hidden=\"true\" class=\"e-font-icon-svg e-far-circle\" viewBox=\"0 0 512 512\" xmlns=\"http:\/\/www.w3.org\/2000\/svg\"><path d=\"M256 8C119 8 8 119 8 256s111 248 248 248 248-111 248-248S393 8 256 8zm0 448c-110.5 0-200-89.5-200-200S145.5 56 256 56s200 89.5 200 200-89.5 200-200 200z\"><\/path><\/svg>                            <\/span>\n                                                <span class=\"elementor-icon-list-text\">Actualit\u00e9s<\/span>\n\t\t\t\t\t<\/a>\n\t\t\t\t<\/li>\n\t\t\t\t\t\t<\/ul>\n\t\t<\/div>\t\t\t\t<\/div>\n\t\t\t\t\t<\/div>\n\t\t\t\t<\/div>\n\t\t\t\t<\/div>\n\t\t\n    <div class=\"xs_social_share_widget xs_share_url after_content \t\tmain_content  wslu-style-1 wslu-share-box-shaped wslu-fill-colored wslu-none wslu-share-horizontal wslu-theme-font-no wslu-main_content\">\n\n\t\t\n        <ul>\n\t\t\t        <\/ul>\n    <\/div> \n","protected":false},"excerpt":{"rendered":"<p>Blog Animaux Nouveaut\u00e9s Actualit\u00e9s<\/p>\n","protected":false},"author":4,"featured_media":0,"parent":0,"menu_order":0,"comment_status":"closed","ping_status":"closed","template":"","meta":{"_angie_page":false,"postBodyCss":"","postBodyMargin":[],"postBodyPadding":[],"postBodyBackground":{"backgroundType":"classic","gradient":""},"footnotes":""},"class_list":["post-3766","page","type-page","status-publish","hentry"],"yoast_head":"<!-- This site is optimized with the Yoast SEO plugin v27.3 - https:\/\/yoast.com\/product\/yoast-seo-wordpress\/ -->\n<title>Blog - Parc Safari Parc Safari \u2013 Sauvage \u00e0 l\u2019ann\u00e9e | Mont\u00e9r\u00e9gie<\/title>\n<meta name=\"description\" content=\"Parc Safari propose une exp\u00e9rience familiale unique avec safari en voiture et animaux sauvages d\u2019Am\u00e9rique du Nord \u00e0 observer de pr\u00e8s. Ouvert toute l\u2019ann\u00e9e \u00e0 Hemmingford, \u00e0 30 minutes de Montr\u00e9al.\" \/>\n<meta name=\"robots\" content=\"index, follow, max-snippet:-1, max-image-preview:large, max-video-preview:-1\" \/>\n<link rel=\"canonical\" href=\"https:\/\/parcsafari.com\/en\/blog\/\" \/>\n<meta property=\"og:locale\" content=\"en_US\" \/>\n<meta property=\"og:type\" content=\"article\" \/>\n<meta property=\"og:title\" content=\"Blog - Parc Safari Parc Safari \u2013 Sauvage \u00e0 l\u2019ann\u00e9e | Mont\u00e9r\u00e9gie\" \/>\n<meta property=\"og:description\" content=\"Parc Safari propose une exp\u00e9rience familiale unique avec safari en voiture et animaux sauvages d\u2019Am\u00e9rique du Nord \u00e0 observer de pr\u00e8s. Ouvert toute l\u2019ann\u00e9e \u00e0 Hemmingford, \u00e0 30 minutes de Montr\u00e9al.\" \/>\n<meta property=\"og:url\" content=\"https:\/\/parcsafari.com\/en\/blog\/\" \/>\n<meta property=\"og:site_name\" content=\"Parc Safari\" \/>\n<meta property=\"article:publisher\" content=\"https:\/\/www.facebook.com\/ParcSafariHemmingford\/\" \/>\n<meta property=\"article:modified_time\" content=\"2026-02-11T15:08:38+00:00\" \/>\n<meta property=\"og:image\" content=\"https:\/\/parcsafari.com\/wp-content\/uploads\/2026\/01\/Le-tunnel-des-felinscougar-tunnel-des-felins.webp\" \/>\n\t<meta property=\"og:image:width\" content=\"1920\" \/>\n\t<meta property=\"og:image:height\" content=\"1288\" \/>\n\t<meta property=\"og:image:type\" content=\"image\/webp\" \/>\n<meta name=\"twitter:card\" content=\"summary_large_image\" \/>\n<script type=\"application\/ld+json\" class=\"yoast-schema-graph\">{\"@context\":\"https:\\\/\\\/schema.org\",\"@graph\":[{\"@type\":\"WebPage\",\"@id\":\"https:\\\/\\\/parcsafari.com\\\/en\\\/blog\\\/\",\"url\":\"https:\\\/\\\/parcsafari.com\\\/en\\\/blog\\\/\",\"name\":\"Blog - Parc Safari Parc Safari \u2013 Sauvage \u00e0 l\u2019ann\u00e9e | Mont\u00e9r\u00e9gie\",\"isPartOf\":{\"@id\":\"https:\\\/\\\/parcsafari.com\\\/en\\\/#website\"},\"datePublished\":\"2026-01-30T19:48:42+00:00\",\"dateModified\":\"2026-02-11T15:08:38+00:00\",\"description\":\"Parc Safari propose une exp\u00e9rience familiale unique avec safari en voiture et animaux sauvages d\u2019Am\u00e9rique du Nord \u00e0 observer de pr\u00e8s. Ouvert toute l\u2019ann\u00e9e \u00e0 Hemmingford, \u00e0 30 minutes de Montr\u00e9al.\",\"breadcrumb\":{\"@id\":\"https:\\\/\\\/parcsafari.com\\\/en\\\/blog\\\/#breadcrumb\"},\"inLanguage\":\"en-US\",\"potentialAction\":[{\"@type\":\"ReadAction\",\"target\":[\"https:\\\/\\\/parcsafari.com\\\/en\\\/blog\\\/\"]}]},{\"@type\":\"BreadcrumbList\",\"@id\":\"https:\\\/\\\/parcsafari.com\\\/en\\\/blog\\\/#breadcrumb\",\"itemListElement\":[{\"@type\":\"ListItem\",\"position\":1,\"name\":\"Home\",\"item\":\"https:\\\/\\\/parcsafari.com\\\/en\\\/home\\\/\"},{\"@type\":\"ListItem\",\"position\":2,\"name\":\"Blog\"}]},{\"@type\":\"WebSite\",\"@id\":\"https:\\\/\\\/parcsafari.com\\\/en\\\/#website\",\"url\":\"https:\\\/\\\/parcsafari.com\\\/en\\\/\",\"name\":\"Parc Safari\",\"description\":\"Parc Safari \u2013 Sauvage \u00e0 l\u2019ann\u00e9e | Mont\u00e9r\u00e9gie\",\"publisher\":{\"@id\":\"https:\\\/\\\/parcsafari.com\\\/en\\\/#organization\"},\"potentialAction\":[{\"@type\":\"SearchAction\",\"target\":{\"@type\":\"EntryPoint\",\"urlTemplate\":\"https:\\\/\\\/parcsafari.com\\\/en\\\/?s={search_term_string}\"},\"query-input\":{\"@type\":\"PropertyValueSpecification\",\"valueRequired\":true,\"valueName\":\"search_term_string\"}}],\"inLanguage\":\"en-US\"},{\"@type\":\"Organization\",\"@id\":\"https:\\\/\\\/parcsafari.com\\\/en\\\/#organization\",\"name\":\"Parc Safari\",\"url\":\"https:\\\/\\\/parcsafari.com\\\/en\\\/\",\"logo\":{\"@type\":\"ImageObject\",\"inLanguage\":\"en-US\",\"@id\":\"https:\\\/\\\/parcsafari.com\\\/en\\\/#\\\/schema\\\/logo\\\/image\\\/\",\"url\":\"https:\\\/\\\/parcsafari.com\\\/wp-content\\\/uploads\\\/2026\\\/01\\\/Parc-Safari-logo_beige-scaled.webp\",\"contentUrl\":\"https:\\\/\\\/parcsafari.com\\\/wp-content\\\/uploads\\\/2026\\\/01\\\/Parc-Safari-logo_beige-scaled.webp\",\"width\":1920,\"height\":1190,\"caption\":\"Parc Safari\"},\"image\":{\"@id\":\"https:\\\/\\\/parcsafari.com\\\/en\\\/#\\\/schema\\\/logo\\\/image\\\/\"},\"sameAs\":[\"https:\\\/\\\/www.facebook.com\\\/ParcSafariHemmingford\\\/\",\"https:\\\/\\\/www.instagram.com\\\/ParcSafari\",\"https:\\\/\\\/www.tiktok.com\\\/ParcSafari\"]}]}<\/script>\n<!-- \/ Yoast SEO plugin. -->","yoast_head_json":{"title":"Blog - Parc Safari Parc Safari \u2013 Sauvage \u00e0 l\u2019ann\u00e9e | Mont\u00e9r\u00e9gie","description":"Parc Safari propose une exp\u00e9rience familiale unique avec safari en voiture et animaux sauvages d\u2019Am\u00e9rique du Nord \u00e0 observer de pr\u00e8s. Ouvert toute l\u2019ann\u00e9e \u00e0 Hemmingford, \u00e0 30 minutes de Montr\u00e9al.","robots":{"index":"index","follow":"follow","max-snippet":"max-snippet:-1","max-image-preview":"max-image-preview:large","max-video-preview":"max-video-preview:-1"},"canonical":"https:\/\/parcsafari.com\/en\/blog\/","og_locale":"en_US","og_type":"article","og_title":"Blog - Parc Safari Parc Safari \u2013 Sauvage \u00e0 l\u2019ann\u00e9e | Mont\u00e9r\u00e9gie","og_description":"Parc Safari propose une exp\u00e9rience familiale unique avec safari en voiture et animaux sauvages d\u2019Am\u00e9rique du Nord \u00e0 observer de pr\u00e8s. Ouvert toute l\u2019ann\u00e9e \u00e0 Hemmingford, \u00e0 30 minutes de Montr\u00e9al.","og_url":"https:\/\/parcsafari.com\/en\/blog\/","og_site_name":"Parc Safari","article_publisher":"https:\/\/www.facebook.com\/ParcSafariHemmingford\/","article_modified_time":"2026-02-11T15:08:38+00:00","og_image":[{"width":1920,"height":1288,"url":"https:\/\/parcsafari.com\/wp-content\/uploads\/2026\/01\/Le-tunnel-des-felinscougar-tunnel-des-felins.webp","type":"image\/webp"}],"twitter_card":"summary_large_image","schema":{"@context":"https:\/\/schema.org","@graph":[{"@type":"WebPage","@id":"https:\/\/parcsafari.com\/en\/blog\/","url":"https:\/\/parcsafari.com\/en\/blog\/","name":"Blog - Parc Safari Parc Safari \u2013 Sauvage \u00e0 l\u2019ann\u00e9e | Mont\u00e9r\u00e9gie","isPartOf":{"@id":"https:\/\/parcsafari.com\/en\/#website"},"datePublished":"2026-01-30T19:48:42+00:00","dateModified":"2026-02-11T15:08:38+00:00","description":"Parc Safari propose une exp\u00e9rience familiale unique avec safari en voiture et animaux sauvages d\u2019Am\u00e9rique du Nord \u00e0 observer de pr\u00e8s. Ouvert toute l\u2019ann\u00e9e \u00e0 Hemmingford, \u00e0 30 minutes de Montr\u00e9al.","breadcrumb":{"@id":"https:\/\/parcsafari.com\/en\/blog\/#breadcrumb"},"inLanguage":"en-US","potentialAction":[{"@type":"ReadAction","target":["https:\/\/parcsafari.com\/en\/blog\/"]}]},{"@type":"BreadcrumbList","@id":"https:\/\/parcsafari.com\/en\/blog\/#breadcrumb","itemListElement":[{"@type":"ListItem","position":1,"name":"Home","item":"https:\/\/parcsafari.com\/en\/home\/"},{"@type":"ListItem","position":2,"name":"Blog"}]},{"@type":"WebSite","@id":"https:\/\/parcsafari.com\/en\/#website","url":"https:\/\/parcsafari.com\/en\/","name":"Parc Safari","description":"Parc Safari \u2013 Sauvage \u00e0 l\u2019ann\u00e9e | Mont\u00e9r\u00e9gie","publisher":{"@id":"https:\/\/parcsafari.com\/en\/#organization"},"potentialAction":[{"@type":"SearchAction","target":{"@type":"EntryPoint","urlTemplate":"https:\/\/parcsafari.com\/en\/?s={search_term_string}"},"query-input":{"@type":"PropertyValueSpecification","valueRequired":true,"valueName":"search_term_string"}}],"inLanguage":"en-US"},{"@type":"Organization","@id":"https:\/\/parcsafari.com\/en\/#organization","name":"Parc Safari","url":"https:\/\/parcsafari.com\/en\/","logo":{"@type":"ImageObject","inLanguage":"en-US","@id":"https:\/\/parcsafari.com\/en\/#\/schema\/logo\/image\/","url":"https:\/\/parcsafari.com\/wp-content\/uploads\/2026\/01\/Parc-Safari-logo_beige-scaled.webp","contentUrl":"https:\/\/parcsafari.com\/wp-content\/uploads\/2026\/01\/Parc-Safari-logo_beige-scaled.webp","width":1920,"height":1190,"caption":"Parc Safari"},"image":{"@id":"https:\/\/parcsafari.com\/en\/#\/schema\/logo\/image\/"},"sameAs":["https:\/\/www.facebook.com\/ParcSafariHemmingford\/","https:\/\/www.instagram.com\/ParcSafari","https:\/\/www.tiktok.com\/ParcSafari"]}]}},"_links":{"self":[{"href":"https:\/\/parcsafari.com\/en\/wp-json\/wp\/v2\/pages\/3766","targetHints":{"allow":["GET"]}}],"collection":[{"href":"https:\/\/parcsafari.com\/en\/wp-json\/wp\/v2\/pages"}],"about":[{"href":"https:\/\/parcsafari.com\/en\/wp-json\/wp\/v2\/types\/page"}],"author":[{"embeddable":true,"href":"https:\/\/parcsafari.com\/en\/wp-json\/wp\/v2\/users\/4"}],"replies":[{"embeddable":true,"href":"https:\/\/parcsafari.com\/en\/wp-json\/wp\/v2\/comments?post=3766"}],"version-history":[{"count":1,"href":"https:\/\/parcsafari.com\/en\/wp-json\/wp\/v2\/pages\/3766\/revisions"}],"predecessor-version":[{"id":3768,"href":"https:\/\/parcsafari.com\/en\/wp-json\/wp\/v2\/pages\/3766\/revisions\/3768"}],"wp:attachment":[{"href":"https:\/\/parcsafari.com\/en\/wp-json\/wp\/v2\/media?parent=3766"}],"curies":[{"name":"wp","href":"https:\/\/api.w.org\/{rel}","templated":true}]}}