{"id":3758,"date":"2026-02-11T15:01:05","date_gmt":"2026-02-11T15:01:05","guid":{"rendered":"https:\/\/parcsafari.com\/v2\/general-conditions-of-sale\/"},"modified":"2026-02-26T19:56:27","modified_gmt":"2026-02-26T19:56:27","slug":"general-conditions-of-sale","status":"publish","type":"page","link":"https:\/\/parcsafari.com\/en\/general-conditions-of-sale\/","title":{"rendered":"General conditions of sale"},"content":{"rendered":"\t\t<div data-elementor-type=\"wp-page\" data-elementor-id=\"3758\" class=\"elementor elementor-3758 elementor-3754\" data-elementor-post-type=\"page\">\n\t\t\t\t<div class=\"elementor-element elementor-element-10c1c028 e-flex e-con-boxed e-con e-parent\" data-id=\"10c1c028\" data-element_type=\"container\" data-e-type=\"container\">\n\t\t\t\t\t<div class=\"e-con-inner\">\n\t\t\t\t<div class=\"elementor-element elementor-element-4b01049f elementor-widget elementor-widget-text-editor\" data-id=\"4b01049f\" data-element_type=\"widget\" data-e-type=\"widget\" data-widget_type=\"text-editor.default\">\n\t\t\t\t\t\t\t\t\t<h2>General conditions of sale<\/h2><p>Tickets are non-refundable, non-exchangeable, and have no cash value. They must be used during the selected period; otherwise, we reserve the right to refuse access in order to maintain control over attendance. <\/p><p><strong>General<\/strong><br>I confirm that I have read and understood the safety instructions: Pets are not allowed in the Park. You must not exit your vehicle. All doors must remain closed (tailgate and sliding doors). During the car safari, windows must be kept halfway up to prevent animals from putting their heads inside your vehicle. Do not feed the bison. During the breeding season (September to mid-November), avoid male deer; it is very important not to feed or approach them. You travel at your own risk.      <\/p><p>Order Acceptance<br>The receipt of an order confirmation by email does not automatically mean that the order is accepted and is not a confirmation that PARC SAFARI BOR\u00c9AL INC. commits to selling the tickets, products, season passes, gift certificates, or other mentioned products.<br>PARC SAFARI BOR\u00c9AL INC. reserves the right to reduce its rates and apply discounts without being obliged to refund customers who purchased tickets at the regular price.  <\/p><p>PARC SAFARI BOR\u00c9AL INC. reserves the right, without prior notice, to refuse to do business with a customer and\/or to set a quantity limit for any item in an order. At any time, it may be necessary for PARC SAFARI BOR\u00c9AL INC. to verify personal or credit card information before accepting any order.   <\/p><p>Legal Warranties<br>These legal warranties also apply to this sale.<br>This warranty can in no way reduce or eliminate the manufacturer&#8217;s legal warranty where one exists.<\/p><p>Tickets \/ Season Passes \/ Gift Certificates<br>Retrieving Tickets \/ Season Passes \/ Gift Certificates<\/p><p>Important:<br>Before proceeding with the online purchase of your ticket, season pass, or gift certificate, please check that your printer is working correctly.<\/p><p>Purchase of Season Passes \/ Electronic Gift Certificates<br>A few minutes after confirming your purchase, you will receive a confirmation email. A receipt will be attached to this message. This email does not grant you access to an event. Only the ticket attached to the email allows you to visit the event you selected. Each electronic ticket is equipped with a barcode. This is a unique code assigned to your transaction and it cannot be photocopied.     <\/p><p>The electronic ticket must be presented in paper version or via a mobile phone upon your arrival at PARC SAFARI BOR\u00c9AL INC. The barcode will be scanned on-site. The barcode allows for a single entry.  <\/p><p>If multiple tickets were purchased, each ticket presented at the entrance will grant access to the park. If the ticket has already been presented at the entrance, the reader will indicate that it is invalid. If this is the case, a photo ID and the credit card used to purchase the ticket must be presented to validate the ticket.  <\/p><p>Liability and Refund<br>The electronic ticket constitutes a contract between the buyer and PARC SAFARI BOR\u00c9AL INC. The buyer agrees to pay the amount indicated on the receipt, including service fees if applicable. The amount charged will appear on the next account statement under the name PARC SAFARI BOR\u00c9AL INC. No refunds or exchanges will be granted unless the event is canceled or postponed. In such a case, the buyer must contact the event promoter or the administration of PARC SAFARI BOR\u00c9AL INC. at (450) 247-2727.     <\/p><p>The holder of an electronic ticket assumes all responsibilities regarding risks and dangers that may arise from the activity, whether sustained before, during, or after it, and waives any claim for loss and damage resulting from any cause whatsoever. PARC SAFARI BOR\u00c9AL INC. cannot be held responsible for direct or indirect problems or damages that may occur during the event.   <\/p><p>Email Types<br>It is important to note that the time it takes to receive the confirmation email may vary depending on the type of email service used. In case of non-receipt of this email, the buyer must contact the administration of PARC SAFARI BOR\u00c9AL INC. at (450) 247-2727 OR log back into the Parcsafari.com site, click on Login at the top right, enter their username and password, and then click on the YOUR PURCHASES button. After identity verification, the confirmation email will be resent to the buyer at the email address indicated in their file. If the event is in progress, an attendant can assist you during operating hours.    <\/p><p>Recommendations<br>&#8211; Bring a photo ID and the credit card used to purchase the ticket during your visit.<\/p><p>&#8211; Protect your ticket like any other valuable object.<\/p><p>&#8211; Never buy an electronic ticket from a stranger. It may be an unauthorized copy. The electronic ticket has no resale value.  <\/p><p>Need help?<br>For any questions regarding the online purchase service, please do not hesitate to contact the administration of PARC SAFARI BOR\u00c9AL INC., between 9 AM and 4 PM, Monday to Friday, at (450) 247-2727. When the event is in progress, an attendant can assist you during operating hours. You can also contact the administration of PARC SAFARI BOR\u00c9AL INC. by email at info@parcsafari.com.<\/p><p>Thank you for using the PARC SAFARI BOR\u00c9AL INC. online purchase service. Enjoy your visit! <\/p><p>Product Description<br>PARC SAFARI BOR\u00c9AL INC. and its affiliates do everything in their power to ensure the greatest accuracy on the site. However, PARC SAFARI BOR\u00c9AL INC. does not guarantee that product descriptions or any other content on the PARC SAFARI BOR\u00c9AL INC. site are accurate, complete, reliable, up-to-date, or error-free. If a product offered by PARC SAFARI BOR\u00c9AL INC. does not conform to its description, your sole remedy is to contact PARC SAFARI BOR\u00c9AL INC.      <\/p><p>Price<br>The prices of our products are indicated in Canadian dollars, and applicable taxes are added. All orders, regardless of their origin, are payable in Canadian dollars. PARC SAFARI BOR\u00c9AL INC. reserves the right to change its prices at any time. Products are always billed based on the rates in effect at the time the order is registered.    <\/p><p>Taxes<br>PARC SAFARI BOR\u00c9AL INC. is subject to applicable sales taxes in Canada. The added taxes will be the Q.S.T. (Quebec Sales Tax) and the G.S.T. (Goods and Services Tax).  <\/p><p>Payment<br>Payment for your purchases is made by credit card: MasterCard or Visa. The proposed fees must be paid according to the payment procedure described during the registration process. The customer agrees to pay the total cost and charges related to the purchased product, including taxes. PARC SAFARI BOR\u00c9AL INC. may change the price after notifying the customer. The customer is solely responsible for the actual payment of the purchased product. Only the user is responsible for the credit card payment of the proposed service. PARC SAFARI BOR\u00c9AL INC. is not responsible for payment problems related to the operation of the e-commerce service.        <\/p><p>Return<br>The electronic ticket constitutes a contract between the buyer and PARC SAFARI BOR\u00c9AL INC. The buyer agrees to pay the amount indicated on the receipt, including service fees if applicable. The amount charged will appear on the next account statement under the name PARC SAFARI BOR\u00c9AL INC. No refunds or exchanges will be granted unless the event is canceled or postponed. In such a case, the buyer must contact the administration of PARC SAFARI BOR\u00c9AL INC. at (450) 247-2727.<\/p><p>Refund<br>The electronic ticket constitutes a contract between the buyer and PARC SAFARI BOR\u00c9AL INC. The buyer agrees to pay the amount indicated on the receipt, including service fees if applicable. The amount charged will appear on the next account statement under the name PARC SAFARI BOR\u00c9AL INC. No refunds or exchanges will be granted unless the event is canceled or postponed. In such a case, the buyer must contact the administration of PARC SAFARI BOR\u00c9AL INC. at (450) 247-2727.<\/p><p><strong>Evening Event<\/strong><br>Product is non-refundable and non-modifiable (date and time)<\/p><p>The event takes place rain or shine. In case of poor weather conditions<br>(high winds and\/or thunderstorms, snow), Parc Safari may delay departures or cancel the activity to ensure everyone&#8217;s safety. In case of cancellation, information will be posted on the same day starting at 3 PM on parcsafari.com, as well as on the Park&#8217;s Facebook page. For any cancellation made by Parc Safari, ticket holders will be able to select a new date and time slot.   <\/p><p>Reservation required for toddlers (ages 2-5). <br>Children aged 12 and under must be accompanied by an adult at all times. It is strictly forbidden to consume drugs and alcohol during this activity.<br>By acquiring your tickets, you acknowledge that you are using the trail at your own risk.<br>The route is accessible to people with reduced mobility. By acquiring your tickets, you are able to undertake the activity with full knowledge of the facts and by accepting the risks that this activity may involve. You agree to respect all safety rules and other rules imposed by Parc Safari.   <\/p><p><strong>Gift Cards<\/strong><br>This product is non-refundable and has no cash value. Resale is strictly prohibited and illegal. The gift card amount can be used for the purchase of admission fees, at restaurants, and in the various points of sale at Parc Safari. This gift card is not valid for online reservations and payments. It is not replaceable or refundable in case of loss, theft, or damage.    <\/p><p><strong>Annual Memberships<\/strong><br>Product is non-refundable and non-exchangeable. <\/p><p>The membership issued by Parc Safari allows holders to have access to the wildlife park at all times during current opening hours (opening hours vary by season).<\/p><p>The membership is valid for a period of one year. The period covered by the membership begins on the date of purchase. Once the purchase is made, the individual must go to Parc Safari to have their photo taken and collect their card before their first visit.  <\/p><p>The membership can only be used by its holder and cannot, at any time, be sold, transferred, or exchanged.<\/p><p>The holder&#8217;s photo must appear on the membership card.<\/p><p>Membership holders under the age of 16 must be accompanied by an adult to access the park.<\/p><p>To benefit from park access, the holder must present their membership card at admission. Photo ID may be requested from the membership holder at any time. <\/p><p>In case of damage or loss of cards, a new card can be requested from the administrative office for a fee of $5.<\/p><p>Parc Safari reserves the right to temporarily close the park or certain sections of the park due to extreme weather conditions.<\/p><p>Parc Safari reserves the right to close parts of the park without prior notice.<\/p><p>A membership card can be revoked by Parc Safari at any time if the holder&#8217;s behavior does not comply with the safety instructions on the Parc Safari site. No refund or compensation will be granted in such a situation. <\/p>\t\t\t\t\t\t\t\t<\/div>\n\t\t\t\t\t<\/div>\n\t\t\t\t<\/div>\n\t\t\t\t<\/div>\n\t\t\n    <div class=\"xs_social_share_widget xs_share_url after_content \t\tmain_content  wslu-style-1 wslu-share-box-shaped wslu-fill-colored wslu-none wslu-share-horizontal wslu-theme-font-no wslu-main_content\">\n\n\t\t\n        <ul>\n\t\t\t        <\/ul>\n    <\/div> \n","protected":false},"excerpt":{"rendered":"<p>General conditions of sale Tickets are non-refundable, non-exchangeable, and have no cash value. They must be used during the selected period; otherwise, we reserve the right to refuse access in order to maintain control over attendance. GeneralI confirm that I have read and understood the safety instructions: Pets are not allowed in the Park. You [&hellip;]<\/p>\n","protected":false},"author":4,"featured_media":0,"parent":0,"menu_order":0,"comment_status":"closed","ping_status":"closed","template":"","meta":{"_angie_page":false,"postBodyCss":"","postBodyMargin":[],"postBodyPadding":[],"postBodyBackground":{"backgroundType":"classic","gradient":""},"footnotes":""},"class_list":["post-3758","page","type-page","status-publish","hentry"],"yoast_head":"<!-- This site is optimized with the Yoast SEO plugin v27.3 - https:\/\/yoast.com\/product\/yoast-seo-wordpress\/ -->\n<title>General conditions of sale - Parc Safari Parc Safari \u2013 Sauvage \u00e0 l\u2019ann\u00e9e | Mont\u00e9r\u00e9gie<\/title>\n<meta name=\"description\" content=\"Parc Safari propose une exp\u00e9rience familiale unique avec safari en voiture et animaux sauvages d\u2019Am\u00e9rique du Nord \u00e0 observer de pr\u00e8s. Ouvert toute l\u2019ann\u00e9e \u00e0 Hemmingford, \u00e0 30 minutes de Montr\u00e9al.\" \/>\n<meta name=\"robots\" content=\"index, follow, max-snippet:-1, max-image-preview:large, max-video-preview:-1\" \/>\n<link rel=\"canonical\" href=\"https:\/\/parcsafari.com\/en\/general-conditions-of-sale\/\" \/>\n<meta property=\"og:locale\" content=\"en_US\" \/>\n<meta property=\"og:type\" content=\"article\" \/>\n<meta property=\"og:title\" content=\"General conditions of sale - Parc Safari Parc Safari \u2013 Sauvage \u00e0 l\u2019ann\u00e9e | Mont\u00e9r\u00e9gie\" \/>\n<meta property=\"og:description\" content=\"Parc Safari propose une exp\u00e9rience familiale unique avec safari en voiture et animaux sauvages d\u2019Am\u00e9rique du Nord \u00e0 observer de pr\u00e8s. Ouvert toute l\u2019ann\u00e9e \u00e0 Hemmingford, \u00e0 30 minutes de Montr\u00e9al.\" \/>\n<meta property=\"og:url\" content=\"https:\/\/parcsafari.com\/en\/general-conditions-of-sale\/\" \/>\n<meta property=\"og:site_name\" content=\"Parc Safari\" \/>\n<meta property=\"article:publisher\" content=\"https:\/\/www.facebook.com\/ParcSafariHemmingford\/\" \/>\n<meta property=\"article:modified_time\" content=\"2026-02-26T19:56:27+00:00\" \/>\n<meta property=\"og:image\" content=\"https:\/\/parcsafari.com\/wp-content\/uploads\/2026\/01\/Le-tunnel-des-felinscougar-tunnel-des-felins.webp\" \/>\n\t<meta property=\"og:image:width\" content=\"1920\" \/>\n\t<meta property=\"og:image:height\" content=\"1288\" \/>\n\t<meta property=\"og:image:type\" content=\"image\/webp\" \/>\n<meta name=\"twitter:card\" content=\"summary_large_image\" \/>\n<meta name=\"twitter:label1\" content=\"Est. reading time\" \/>\n\t<meta name=\"twitter:data1\" content=\"9 minutes\" \/>\n<script type=\"application\/ld+json\" class=\"yoast-schema-graph\">{\"@context\":\"https:\\\/\\\/schema.org\",\"@graph\":[{\"@type\":\"WebPage\",\"@id\":\"https:\\\/\\\/parcsafari.com\\\/en\\\/general-conditions-of-sale\\\/\",\"url\":\"https:\\\/\\\/parcsafari.com\\\/en\\\/general-conditions-of-sale\\\/\",\"name\":\"General conditions of sale - Parc Safari Parc Safari \u2013 Sauvage \u00e0 l\u2019ann\u00e9e | Mont\u00e9r\u00e9gie\",\"isPartOf\":{\"@id\":\"https:\\\/\\\/parcsafari.com\\\/en\\\/#website\"},\"datePublished\":\"2026-02-11T15:01:05+00:00\",\"dateModified\":\"2026-02-26T19:56:27+00:00\",\"description\":\"Parc Safari propose une exp\u00e9rience familiale unique avec safari en voiture et animaux sauvages d\u2019Am\u00e9rique du Nord \u00e0 observer de pr\u00e8s. Ouvert toute l\u2019ann\u00e9e \u00e0 Hemmingford, \u00e0 30 minutes de Montr\u00e9al.\",\"breadcrumb\":{\"@id\":\"https:\\\/\\\/parcsafari.com\\\/en\\\/general-conditions-of-sale\\\/#breadcrumb\"},\"inLanguage\":\"en-US\",\"potentialAction\":[{\"@type\":\"ReadAction\",\"target\":[\"https:\\\/\\\/parcsafari.com\\\/en\\\/general-conditions-of-sale\\\/\"]}]},{\"@type\":\"BreadcrumbList\",\"@id\":\"https:\\\/\\\/parcsafari.com\\\/en\\\/general-conditions-of-sale\\\/#breadcrumb\",\"itemListElement\":[{\"@type\":\"ListItem\",\"position\":1,\"name\":\"Home\",\"item\":\"https:\\\/\\\/parcsafari.com\\\/en\\\/home\\\/\"},{\"@type\":\"ListItem\",\"position\":2,\"name\":\"General conditions of sale\"}]},{\"@type\":\"WebSite\",\"@id\":\"https:\\\/\\\/parcsafari.com\\\/en\\\/#website\",\"url\":\"https:\\\/\\\/parcsafari.com\\\/en\\\/\",\"name\":\"Parc Safari\",\"description\":\"Parc Safari \u2013 Sauvage \u00e0 l\u2019ann\u00e9e | Mont\u00e9r\u00e9gie\",\"publisher\":{\"@id\":\"https:\\\/\\\/parcsafari.com\\\/en\\\/#organization\"},\"potentialAction\":[{\"@type\":\"SearchAction\",\"target\":{\"@type\":\"EntryPoint\",\"urlTemplate\":\"https:\\\/\\\/parcsafari.com\\\/en\\\/?s={search_term_string}\"},\"query-input\":{\"@type\":\"PropertyValueSpecification\",\"valueRequired\":true,\"valueName\":\"search_term_string\"}}],\"inLanguage\":\"en-US\"},{\"@type\":\"Organization\",\"@id\":\"https:\\\/\\\/parcsafari.com\\\/en\\\/#organization\",\"name\":\"Parc Safari\",\"url\":\"https:\\\/\\\/parcsafari.com\\\/en\\\/\",\"logo\":{\"@type\":\"ImageObject\",\"inLanguage\":\"en-US\",\"@id\":\"https:\\\/\\\/parcsafari.com\\\/en\\\/#\\\/schema\\\/logo\\\/image\\\/\",\"url\":\"https:\\\/\\\/parcsafari.com\\\/wp-content\\\/uploads\\\/2026\\\/01\\\/Parc-Safari-logo_beige-scaled.webp\",\"contentUrl\":\"https:\\\/\\\/parcsafari.com\\\/wp-content\\\/uploads\\\/2026\\\/01\\\/Parc-Safari-logo_beige-scaled.webp\",\"width\":1920,\"height\":1190,\"caption\":\"Parc Safari\"},\"image\":{\"@id\":\"https:\\\/\\\/parcsafari.com\\\/en\\\/#\\\/schema\\\/logo\\\/image\\\/\"},\"sameAs\":[\"https:\\\/\\\/www.facebook.com\\\/ParcSafariHemmingford\\\/\",\"https:\\\/\\\/www.instagram.com\\\/ParcSafari\",\"https:\\\/\\\/www.tiktok.com\\\/ParcSafari\"]}]}<\/script>\n<!-- \/ Yoast SEO plugin. -->","yoast_head_json":{"title":"General conditions of sale - Parc Safari Parc Safari \u2013 Sauvage \u00e0 l\u2019ann\u00e9e | Mont\u00e9r\u00e9gie","description":"Parc Safari propose une exp\u00e9rience familiale unique avec safari en voiture et animaux sauvages d\u2019Am\u00e9rique du Nord \u00e0 observer de pr\u00e8s. Ouvert toute l\u2019ann\u00e9e \u00e0 Hemmingford, \u00e0 30 minutes de Montr\u00e9al.","robots":{"index":"index","follow":"follow","max-snippet":"max-snippet:-1","max-image-preview":"max-image-preview:large","max-video-preview":"max-video-preview:-1"},"canonical":"https:\/\/parcsafari.com\/en\/general-conditions-of-sale\/","og_locale":"en_US","og_type":"article","og_title":"General conditions of sale - Parc Safari Parc Safari \u2013 Sauvage \u00e0 l\u2019ann\u00e9e | Mont\u00e9r\u00e9gie","og_description":"Parc Safari propose une exp\u00e9rience familiale unique avec safari en voiture et animaux sauvages d\u2019Am\u00e9rique du Nord \u00e0 observer de pr\u00e8s. Ouvert toute l\u2019ann\u00e9e \u00e0 Hemmingford, \u00e0 30 minutes de Montr\u00e9al.","og_url":"https:\/\/parcsafari.com\/en\/general-conditions-of-sale\/","og_site_name":"Parc Safari","article_publisher":"https:\/\/www.facebook.com\/ParcSafariHemmingford\/","article_modified_time":"2026-02-26T19:56:27+00:00","og_image":[{"width":1920,"height":1288,"url":"https:\/\/parcsafari.com\/wp-content\/uploads\/2026\/01\/Le-tunnel-des-felinscougar-tunnel-des-felins.webp","type":"image\/webp"}],"twitter_card":"summary_large_image","twitter_misc":{"Est. reading time":"9 minutes"},"schema":{"@context":"https:\/\/schema.org","@graph":[{"@type":"WebPage","@id":"https:\/\/parcsafari.com\/en\/general-conditions-of-sale\/","url":"https:\/\/parcsafari.com\/en\/general-conditions-of-sale\/","name":"General conditions of sale - Parc Safari Parc Safari \u2013 Sauvage \u00e0 l\u2019ann\u00e9e | Mont\u00e9r\u00e9gie","isPartOf":{"@id":"https:\/\/parcsafari.com\/en\/#website"},"datePublished":"2026-02-11T15:01:05+00:00","dateModified":"2026-02-26T19:56:27+00:00","description":"Parc Safari propose une exp\u00e9rience familiale unique avec safari en voiture et animaux sauvages d\u2019Am\u00e9rique du Nord \u00e0 observer de pr\u00e8s. Ouvert toute l\u2019ann\u00e9e \u00e0 Hemmingford, \u00e0 30 minutes de Montr\u00e9al.","breadcrumb":{"@id":"https:\/\/parcsafari.com\/en\/general-conditions-of-sale\/#breadcrumb"},"inLanguage":"en-US","potentialAction":[{"@type":"ReadAction","target":["https:\/\/parcsafari.com\/en\/general-conditions-of-sale\/"]}]},{"@type":"BreadcrumbList","@id":"https:\/\/parcsafari.com\/en\/general-conditions-of-sale\/#breadcrumb","itemListElement":[{"@type":"ListItem","position":1,"name":"Home","item":"https:\/\/parcsafari.com\/en\/home\/"},{"@type":"ListItem","position":2,"name":"General conditions of sale"}]},{"@type":"WebSite","@id":"https:\/\/parcsafari.com\/en\/#website","url":"https:\/\/parcsafari.com\/en\/","name":"Parc Safari","description":"Parc Safari \u2013 Sauvage \u00e0 l\u2019ann\u00e9e | Mont\u00e9r\u00e9gie","publisher":{"@id":"https:\/\/parcsafari.com\/en\/#organization"},"potentialAction":[{"@type":"SearchAction","target":{"@type":"EntryPoint","urlTemplate":"https:\/\/parcsafari.com\/en\/?s={search_term_string}"},"query-input":{"@type":"PropertyValueSpecification","valueRequired":true,"valueName":"search_term_string"}}],"inLanguage":"en-US"},{"@type":"Organization","@id":"https:\/\/parcsafari.com\/en\/#organization","name":"Parc Safari","url":"https:\/\/parcsafari.com\/en\/","logo":{"@type":"ImageObject","inLanguage":"en-US","@id":"https:\/\/parcsafari.com\/en\/#\/schema\/logo\/image\/","url":"https:\/\/parcsafari.com\/wp-content\/uploads\/2026\/01\/Parc-Safari-logo_beige-scaled.webp","contentUrl":"https:\/\/parcsafari.com\/wp-content\/uploads\/2026\/01\/Parc-Safari-logo_beige-scaled.webp","width":1920,"height":1190,"caption":"Parc Safari"},"image":{"@id":"https:\/\/parcsafari.com\/en\/#\/schema\/logo\/image\/"},"sameAs":["https:\/\/www.facebook.com\/ParcSafariHemmingford\/","https:\/\/www.instagram.com\/ParcSafari","https:\/\/www.tiktok.com\/ParcSafari"]}]}},"_links":{"self":[{"href":"https:\/\/parcsafari.com\/en\/wp-json\/wp\/v2\/pages\/3758","targetHints":{"allow":["GET"]}}],"collection":[{"href":"https:\/\/parcsafari.com\/en\/wp-json\/wp\/v2\/pages"}],"about":[{"href":"https:\/\/parcsafari.com\/en\/wp-json\/wp\/v2\/types\/page"}],"author":[{"embeddable":true,"href":"https:\/\/parcsafari.com\/en\/wp-json\/wp\/v2\/users\/4"}],"replies":[{"embeddable":true,"href":"https:\/\/parcsafari.com\/en\/wp-json\/wp\/v2\/comments?post=3758"}],"version-history":[{"count":3,"href":"https:\/\/parcsafari.com\/en\/wp-json\/wp\/v2\/pages\/3758\/revisions"}],"predecessor-version":[{"id":4370,"href":"https:\/\/parcsafari.com\/en\/wp-json\/wp\/v2\/pages\/3758\/revisions\/4370"}],"wp:attachment":[{"href":"https:\/\/parcsafari.com\/en\/wp-json\/wp\/v2\/media?parent=3758"}],"curies":[{"name":"wp","href":"https:\/\/api.w.org\/{rel}","templated":true}]}}